{"id":92,"date":"2013-08-13T19:17:02","date_gmt":"2013-08-13T16:17:02","guid":{"rendered":"http:\/\/mapaboutique.local\/?page_id=92"},"modified":"2022-02-17T21:56:48","modified_gmt":"2022-02-17T18:56:48","slug":"contact","status":"publish","type":"page","link":"https:\/\/mapa-boutique.com\/en\/contact\/","title":{"rendered":"contact"},"content":{"rendered":"<h2><b>mapa giyim san. ve tic.<\/b><\/h2>\n<div class=\"contact-wrapper iletisim\">\n<h3><b>headquarters<\/b><\/h3>\n<p class=\"icon address\">b\u00fcy\u00fckdere cad. desteg\u00fcl sok. mapa han no: 10<br \/>\npk 34418 \/ ka\u011f\u0131thane \/ istanbul \/ t\u00fcrkiye<\/p>\n<p class=\"icon tel\">+90 212 279 98 00 &#8211; pbx<\/p>\n<p class=\"icon fax\">+90 212 279 47 09<\/p>\n<p class=\"icon mail\"><a href=\"mailto:mapa@mapa-boutique.com\">mapa@mapa-boutique.com<\/a><\/p>\n<p class=\"icon web\"><a href=\"https:\/\/mapa-boutique.com\/en\/\">www.mapa-boutique.com<\/a><\/p>\n<h3><b>customer relations<\/b><\/h3>\n<p class=\"icon tel\">+90 212 279 98 03<\/p>\n<p class=\"icon mail\"><a href=\"mailto:mapa@mapa-boutique.com\">mapa@mapa-boutique.com<\/a><\/p>\n<\/div>\n","protected":false},"excerpt":{"rendered":"<p>mapa giyim san. ve tic. headquarters b\u00fcy\u00fckdere cad. desteg\u00fcl sok. mapa han no: 10 pk 34418 \/ ka\u011f\u0131thane \/ istanbul \/ t\u00fcrkiye +90 212 279 98 00 &#8211; pbx +90 212 279 47 09 mapa@mapa-boutique.com www.mapa-boutique.com customer relations +90 212 279 98 03 mapa@mapa-boutique.com<\/p>\n","protected":false},"author":1,"featured_media":0,"parent":0,"menu_order":0,"comment_status":"open","ping_status":"open","template":"","meta":[],"acf":[],"_links":{"self":[{"href":"https:\/\/mapa-boutique.com\/en\/wp-json\/wp\/v2\/pages\/92"}],"collection":[{"href":"https:\/\/mapa-boutique.com\/en\/wp-json\/wp\/v2\/pages"}],"about":[{"href":"https:\/\/mapa-boutique.com\/en\/wp-json\/wp\/v2\/types\/page"}],"author":[{"embeddable":true,"href":"https:\/\/mapa-boutique.com\/en\/wp-json\/wp\/v2\/users\/1"}],"replies":[{"embeddable":true,"href":"https:\/\/mapa-boutique.com\/en\/wp-json\/wp\/v2\/comments?post=92"}],"version-history":[{"count":0,"href":"https:\/\/mapa-boutique.com\/en\/wp-json\/wp\/v2\/pages\/92\/revisions"}],"wp:attachment":[{"href":"https:\/\/mapa-boutique.com\/en\/wp-json\/wp\/v2\/media?parent=92"}],"curies":[{"name":"wp","href":"https:\/\/api.w.org\/{rel}","templated":true}]}}