{"id":104,"date":"2013-08-09T12:02:23","date_gmt":"2013-08-09T12:02:23","guid":{"rendered":"http:\/\/mapaboutique.local\/acik-pozisyonlar-2\/"},"modified":"2015-01-20T13:27:10","modified_gmt":"2015-01-20T11:27:10","slug":"postes-disponibles","status":"publish","type":"page","link":"https:\/\/mapa-boutique.com\/fr\/postes-disponibles\/","title":{"rendered":"postes disponibles"},"content":{"rendered":"<p><strong>mapa butik, akmerkez avm \/ be\u015fikta\u015f \/ istanbul<\/strong><\/p>\n<p><strong>mapa butik, suadiye \/ kad\u0131k\u00f6y \/ istanbul<\/strong><\/p>\n<h4 style=\"margin-left: 22px;\"><strong>repr\u00e9sentant commercial<\/strong><\/h4>\n<ul>\n<li>\u00eatre \u00e2g\u00e9 d&rsquo;au moins 18 ans et \u00eatre dipl\u00f4m\u00e9 du secondaire.<\/li>\n<li>\u00eatre confiant et jovial.<\/li>\n<li>avoir une aisance de communication.<\/li>\n<li>conna\u00eetre la langue anglaise.<\/li>\n<li>avoir un bon physique et bien s&rsquo;habiller.<\/li>\n<li>avoir l&rsquo;esprit d&rsquo;\u00e9quipe.<\/li>\n<li>faire de la satisfaction client sa principale priorit\u00e9.<\/li>\n<li>suivre la mode f\u00e9minine.<\/li>\n<\/ul>\n<a href='\/mapa-is-basvuru-formu\/' class='btn btn-icon form'>ba\u015fvuru formu<\/a>\n","protected":false},"excerpt":{"rendered":"<p>mapa butik, akmerkez avm \/ be\u015fikta\u015f \/ istanbul mapa butik, suadiye \/ kad\u0131k\u00f6y \/ istanbul repr\u00e9sentant commercial \u00eatre \u00e2g\u00e9 d&rsquo;au moins 18 ans et \u00eatre dipl\u00f4m\u00e9 du secondaire. \u00eatre confiant et jovial. avoir une aisance de communication. conna\u00eetre la langue anglaise. avoir un bon physique et bien s&rsquo;habiller. avoir l&rsquo;esprit d&rsquo;\u00e9quipe. faire de la satisfaction [&hellip;]<\/p>\n","protected":false},"author":1,"featured_media":0,"parent":0,"menu_order":0,"comment_status":"open","ping_status":"open","template":"","meta":[],"acf":[],"_links":{"self":[{"href":"https:\/\/mapa-boutique.com\/fr\/wp-json\/wp\/v2\/pages\/104"}],"collection":[{"href":"https:\/\/mapa-boutique.com\/fr\/wp-json\/wp\/v2\/pages"}],"about":[{"href":"https:\/\/mapa-boutique.com\/fr\/wp-json\/wp\/v2\/types\/page"}],"author":[{"embeddable":true,"href":"https:\/\/mapa-boutique.com\/fr\/wp-json\/wp\/v2\/users\/1"}],"replies":[{"embeddable":true,"href":"https:\/\/mapa-boutique.com\/fr\/wp-json\/wp\/v2\/comments?post=104"}],"version-history":[{"count":0,"href":"https:\/\/mapa-boutique.com\/fr\/wp-json\/wp\/v2\/pages\/104\/revisions"}],"wp:attachment":[{"href":"https:\/\/mapa-boutique.com\/fr\/wp-json\/wp\/v2\/media?parent=104"}],"curies":[{"name":"wp","href":"https:\/\/api.w.org\/{rel}","templated":true}]}}