{"id":106,"date":"2013-08-09T11:49:10","date_gmt":"2013-08-09T11:49:10","guid":{"rendered":"http:\/\/mapaboutique.local\/butikler-2\/"},"modified":"2013-11-11T13:46:26","modified_gmt":"2013-11-11T11:46:26","slug":"boutiques","status":"publish","type":"page","link":"https:\/\/mapa-boutique.com\/fr\/boutiques\/","title":{"rendered":"boutiques"},"content":{"rendered":"<p>vous trouverez dans nos boutiques des collections uniques con\u00e7ues avec pr\u00e9cision jusqu\u2019au dernier d\u00e9tail pour des femmes \u00e9lites, \u00e9l\u00e9gantes suivant de pr\u00e8s les nouvelles tendances.<\/p>\n<p>nos collections puisent l\u2019essence de leur concept dans des mat\u00e9riaux appropri\u00e9s et c\u2019est avec une m\u00e9ticulosit\u00e9 de maison de couture que nous d\u00e9livrons notre propre \u00e9criture \u00e0 travers nos collections.<\/p>\n<p>des services d\u2019ajustement et des s\u00e9ances d\u2019essayage personnalis\u00e9es disponibles sur demande.<\/p>\n<p>&nbsp;<\/p>\n<a href='https:\/\/mapa-boutique.com\/fr\/markers\/' class='btn btn-icon globe'>boutiques<\/a>\n","protected":false},"excerpt":{"rendered":"<p>vous trouverez dans nos boutiques des collections uniques con\u00e7ues avec pr\u00e9cision jusqu\u2019au dernier d\u00e9tail pour des femmes \u00e9lites, \u00e9l\u00e9gantes suivant de pr\u00e8s les nouvelles tendances. nos collections puisent l\u2019essence de leur concept dans des mat\u00e9riaux appropri\u00e9s et c\u2019est avec une m\u00e9ticulosit\u00e9 de maison de couture que nous d\u00e9livrons notre propre \u00e9criture \u00e0 travers nos collections. [&hellip;]<\/p>\n","protected":false},"author":1,"featured_media":0,"parent":0,"menu_order":0,"comment_status":"open","ping_status":"open","template":"","meta":[],"acf":[],"_links":{"self":[{"href":"https:\/\/mapa-boutique.com\/fr\/wp-json\/wp\/v2\/pages\/106"}],"collection":[{"href":"https:\/\/mapa-boutique.com\/fr\/wp-json\/wp\/v2\/pages"}],"about":[{"href":"https:\/\/mapa-boutique.com\/fr\/wp-json\/wp\/v2\/types\/page"}],"author":[{"embeddable":true,"href":"https:\/\/mapa-boutique.com\/fr\/wp-json\/wp\/v2\/users\/1"}],"replies":[{"embeddable":true,"href":"https:\/\/mapa-boutique.com\/fr\/wp-json\/wp\/v2\/comments?post=106"}],"version-history":[{"count":0,"href":"https:\/\/mapa-boutique.com\/fr\/wp-json\/wp\/v2\/pages\/106\/revisions"}],"wp:attachment":[{"href":"https:\/\/mapa-boutique.com\/fr\/wp-json\/wp\/v2\/media?parent=106"}],"curies":[{"name":"wp","href":"https:\/\/api.w.org\/{rel}","templated":true}]}}