{"id":112,"date":"2013-08-12T18:05:26","date_gmt":"2013-08-12T18:05:26","guid":{"rendered":"http:\/\/mapaboutique.local\/mapa-is-basvuru-formu-2\/"},"modified":"2013-09-05T12:30:05","modified_gmt":"2013-09-05T09:30:05","slug":"mapa-is-basvuru-formu","status":"publish","type":"page","link":"https:\/\/mapa-boutique.com\/fr\/mapa-is-basvuru-formu\/","title":{"rendered":"mapa \/ i\u015f ba\u015fvuru formu"},"content":{"rendered":"<div class=\"pre-form cf\"><a class=\"date\">ba\u015fvuru tarihiniz: 07 \/ 05 \/ 2026<\/a> <a href='\/acik-pozisyonlar\/' class='btn btn-icon open'>a\u00e7\u0131k pozisyonlar<\/a><\/div>\n<div class=\"ik-form\">[gravityform id=\u00a0\u00bb3&Prime; name=\u00a0\u00bbKariyer Formu\u00a0\u00bb title=\u00a0\u00bbfalse\u00a0\u00bb ajax=\u00a0\u00bbfalse\u00a0\u00bb]<\/div>\n<p class=\"masaustu-gerek\">daha geni\u015f ekranl\u0131 bir cihaz ile giri\u015f yap\u0131n\u0131z.<\/p>\n","protected":false},"excerpt":{"rendered":"<p>ba\u015fvuru tarihiniz: [gravityform id=\u00a0\u00bb3&Prime; name=\u00a0\u00bbKariyer Formu\u00a0\u00bb title=\u00a0\u00bbfalse\u00a0\u00bb ajax=\u00a0\u00bbfalse\u00a0\u00bb] daha geni\u015f ekranl\u0131 bir cihaz ile giri\u015f yap\u0131n\u0131z.<\/p>\n","protected":false},"author":1,"featured_media":0,"parent":0,"menu_order":0,"comment_status":"open","ping_status":"open","template":"page-tpl-contact.php","meta":[],"acf":[],"_links":{"self":[{"href":"https:\/\/mapa-boutique.com\/fr\/wp-json\/wp\/v2\/pages\/112"}],"collection":[{"href":"https:\/\/mapa-boutique.com\/fr\/wp-json\/wp\/v2\/pages"}],"about":[{"href":"https:\/\/mapa-boutique.com\/fr\/wp-json\/wp\/v2\/types\/page"}],"author":[{"embeddable":true,"href":"https:\/\/mapa-boutique.com\/fr\/wp-json\/wp\/v2\/users\/1"}],"replies":[{"embeddable":true,"href":"https:\/\/mapa-boutique.com\/fr\/wp-json\/wp\/v2\/comments?post=112"}],"version-history":[{"count":0,"href":"https:\/\/mapa-boutique.com\/fr\/wp-json\/wp\/v2\/pages\/112\/revisions"}],"wp:attachment":[{"href":"https:\/\/mapa-boutique.com\/fr\/wp-json\/wp\/v2\/media?parent=112"}],"curies":[{"name":"wp","href":"https:\/\/api.w.org\/{rel}","templated":true}]}}